{"id":23359,"date":"2025-11-06T09:00:58","date_gmt":"2025-11-06T06:00:58","guid":{"rendered":"https:\/\/labohemmebodrum.com\/?page_id=23359"},"modified":"2026-01-05T01:02:06","modified_gmt":"2026-01-04T22:02:06","slug":"hakkimizda","status":"publish","type":"page","link":"https:\/\/labohemmebodrum.com\/?page_id=23359","title":{"rendered":"Hakk\u0131m\u0131zda"},"content":{"rendered":"\t\t<div data-elementor-type=\"wp-page\" data-elementor-id=\"23359\" class=\"elementor elementor-23359\">\n\t\t\t\t\t\t<section class=\"elementor-section elementor-top-section elementor-element elementor-element-3de1a7e elementor-section-boxed elementor-section-height-default elementor-section-height-default sc_fly_static\" data-id=\"3de1a7e\" data-element_type=\"section\" data-settings=\"{&quot;background_background&quot;:&quot;classic&quot;}\">\n\t\t\t\t\t\t\t<div class=\"elementor-background-overlay\"><\/div>\n\t\t\t\t\t\t\t<div class=\"elementor-container elementor-column-gap-extended\">\n\t\t\t\t\t<div class=\"elementor-column elementor-col-100 elementor-top-column elementor-element elementor-element-b26001d sc_content_align_inherit sc_layouts_column_icons_position_left sc_fly_static\" data-id=\"b26001d\" data-element_type=\"column\">\n\t\t\t<div class=\"elementor-widget-wrap elementor-element-populated\">\n\t\t\t\t\t\t<div class=\"elementor-element elementor-element-fe9448e sc_fly_static elementor-widget elementor-widget-spacer\" data-id=\"fe9448e\" data-element_type=\"widget\" data-widget_type=\"spacer.default\">\n\t\t\t\t<div class=\"elementor-widget-container\">\n\t\t\t\t\t\t\t<div class=\"elementor-spacer\">\n\t\t\t<div class=\"elementor-spacer-inner\"><\/div>\n\t\t<\/div>\n\t\t\t\t\t\t<\/div>\n\t\t\t\t<\/div>\n\t\t\t\t<div class=\"elementor-element elementor-element-5854622 scheme_dark sc_fly_static elementor-widget elementor-widget-trx_sc_layouts_title\" data-id=\"5854622\" data-element_type=\"widget\" data-widget_type=\"trx_sc_layouts_title.default\">\n\t\t\t\t<div class=\"elementor-widget-container\">\n\t\t\t\t\t<div class=\"sc_layouts_title sc_align_center with_content without_image without_tint\" ><div class=\"sc_layouts_title_content\"><div class=\"sc_layouts_title_title\"><h1 class=\"sc_layouts_title_caption\">Hakk\u0131m\u0131zda<\/h1><\/div><\/div><\/div>\t\t\t\t<\/div>\n\t\t\t\t<\/div>\n\t\t\t\t<div class=\"elementor-element elementor-element-c7d5a0b sc_fly_static elementor-widget elementor-widget-spacer\" data-id=\"c7d5a0b\" data-element_type=\"widget\" data-widget_type=\"spacer.default\">\n\t\t\t\t<div class=\"elementor-widget-container\">\n\t\t\t\t\t\t\t<div class=\"elementor-spacer\">\n\t\t\t<div class=\"elementor-spacer-inner\"><\/div>\n\t\t<\/div>\n\t\t\t\t\t\t<\/div>\n\t\t\t\t<\/div>\n\t\t\t\t\t<\/div>\n\t\t<\/div>\n\t\t\t\t\t<\/div>\n\t\t<\/section>\n\t\t\t\t<section class=\"elementor-section elementor-top-section elementor-element elementor-element-ec185d9 elementor-section-full_width elementor-section-height-default elementor-section-height-default sc_fly_static\" data-id=\"ec185d9\" data-element_type=\"section\">\n\t\t\t\t\t\t<div class=\"elementor-container elementor-column-gap-no\">\n\t\t\t\t\t<div class=\"elementor-column elementor-col-50 elementor-top-column elementor-element elementor-element-87394ae sc_content_align_inherit sc_layouts_column_icons_position_left sc_fly_static\" data-id=\"87394ae\" data-element_type=\"column\">\n\t\t\t<div class=\"elementor-widget-wrap elementor-element-populated\">\n\t\t\t\t\t\t<div class=\"elementor-element elementor-element-5b9dd66 sc_fly_static elementor-widget elementor-widget-spacer\" data-id=\"5b9dd66\" data-element_type=\"widget\" data-widget_type=\"spacer.default\">\n\t\t\t\t<div class=\"elementor-widget-container\">\n\t\t\t\t\t\t\t<div class=\"elementor-spacer\">\n\t\t\t<div class=\"elementor-spacer-inner\"><\/div>\n\t\t<\/div>\n\t\t\t\t\t\t<\/div>\n\t\t\t\t<\/div>\n\t\t\t\t<div class=\"elementor-element elementor-element-09b331b elementor-widget__width-initial sc_fly_static elementor-widget elementor-widget-trx_sc_title\" data-id=\"09b331b\" data-element_type=\"widget\" data-widget_type=\"trx_sc_title.default\">\n\t\t\t\t<div class=\"elementor-widget-container\">\n\t\t\t\t\t<div\t\tclass=\"sc_title sc_title_default\" ><span class=\"sc_item_subtitle sc_title_subtitle sc_align_left sc_item_subtitle_above sc_item_title_style_default\">H\u0130KAYEM\u0130Z<\/span><h1 class=\"sc_item_title sc_title_title sc_align_left sc_item_title_style_default sc_item_title_tag sc_typed\"\n\t\t\t><span class=\"sc_item_title_text\">Bodrum'un ruhundan ilhamla:\n<span class=\"sc_typed_entry\" data-strings=\"[&quot;La Bohemme&quot;,&quot;La Bohemme&quot;,&quot;La Bohemme&quot;,&quot;&quot;]\" data-loop=\"1\" data-cursor=\"0\" data-cursor-char=\"_\" data-speed=\"6\" data-delay=\"1\">La Bohemme<\/span>.<\/span><\/h1><\/div>\t\t\t\t<\/div>\n\t\t\t\t<\/div>\n\t\t\t\t<div class=\"elementor-element elementor-element-c2a85a4 sc_fly_static elementor-widget elementor-widget-spacer\" data-id=\"c2a85a4\" data-element_type=\"widget\" data-widget_type=\"spacer.default\">\n\t\t\t\t<div class=\"elementor-widget-container\">\n\t\t\t\t\t\t\t<div class=\"elementor-spacer\">\n\t\t\t<div class=\"elementor-spacer-inner\"><\/div>\n\t\t<\/div>\n\t\t\t\t\t\t<\/div>\n\t\t\t\t<\/div>\n\t\t\t\t<div class=\"elementor-element elementor-element-f014351 sc_fly_static elementor-widget elementor-widget-text-editor\" data-id=\"f014351\" data-element_type=\"widget\" data-widget_type=\"text-editor.default\">\n\t\t\t\t<div class=\"elementor-widget-container\">\n\t\t\t\t\t\t\t\t\t<p><span style=\"font-weight: 400;\">La Bohemme, sadece bir beach de\u011fil; Bodrum\u2019un ya\u015fam enerjisini, zarafetini ve \u00f6zg\u00fcr ruhunu sahile ta\u015f\u0131yan bir ya\u015fam alan\u0131d\u0131r.<\/span><span style=\"font-weight: 400;\"><br \/><\/span><span style=\"font-weight: 400;\">G\u00fcnd\u00fczleri Ege\u2019nin huzur veren dinginli\u011fiyle; \u015fezlongunuzda denizi izleyerek ve \u00f6zenle haz\u0131rlanm\u0131\u015f plaj men\u00fcs\u00fc e\u015fli\u011finde zaman yava\u015flar.<\/span><span style=\"font-weight: 400;\"><br \/><\/span><span style=\"font-weight: 400;\">G\u00fcn bat\u0131m\u0131na do\u011fru ritim y\u00fckselir, DJ performanslar\u0131 ve bar\u0131n yarat\u0131c\u0131 kokteylleriyle keyifler katlan\u0131r.<\/span><span style=\"font-weight: 400;\"><br \/><\/span><span style=\"font-weight: 400;\">Ve ak\u015fam oldu\u011funda, zarif dokunu\u015flarla olu\u015fturulmu\u015f bir \u0130talyan mutfa\u011f\u0131 deneyimiyle Savor Restaurant sahne al\u0131r.<\/span><span style=\"font-weight: 400;\"><br \/><\/span><span style=\"font-weight: 400;\">Gece ise m\u00fczik ba\u015froldedir. Canl\u0131 sahne performanslar\u0131, samimi bir atmosferde geceye ruh katar.<\/span><span style=\"font-weight: 400;\"><br \/><\/span><span style=\"font-weight: 400;\">La Bohemme, g\u00fcn\u00fcn her an\u0131nda kendinizi bulaca\u011f\u0131n\u0131z ve yeniden ke\u015ffedece\u011finiz bir sahil hik\u00e2yesidir.<\/span><span style=\"font-weight: 400;\"><br \/><\/span><span style=\"font-weight: 400;\"><br \/><\/span><\/p>\t\t\t\t\t\t\t\t<\/div>\n\t\t\t\t<\/div>\n\t\t\t\t<div class=\"elementor-element elementor-element-252b522 sc_fly_static elementor-widget elementor-widget-spacer\" data-id=\"252b522\" data-element_type=\"widget\" data-widget_type=\"spacer.default\">\n\t\t\t\t<div class=\"elementor-widget-container\">\n\t\t\t\t\t\t\t<div class=\"elementor-spacer\">\n\t\t\t<div class=\"elementor-spacer-inner\"><\/div>\n\t\t<\/div>\n\t\t\t\t\t\t<\/div>\n\t\t\t\t<\/div>\n\t\t\t\t<div class=\"elementor-element elementor-element-ec40415 sc_fly_static elementor-widget elementor-widget-spacer\" data-id=\"ec40415\" data-element_type=\"widget\" data-widget_type=\"spacer.default\">\n\t\t\t\t<div class=\"elementor-widget-container\">\n\t\t\t\t\t\t\t<div class=\"elementor-spacer\">\n\t\t\t<div class=\"elementor-spacer-inner\"><\/div>\n\t\t<\/div>\n\t\t\t\t\t\t<\/div>\n\t\t\t\t<\/div>\n\t\t\t\t\t<\/div>\n\t\t<\/div>\n\t\t\t\t<div data-animation-type=\"block\" class=\"elementor-column elementor-col-50 elementor-top-column elementor-element elementor-element-b280726 sc_content_align_inherit sc_layouts_column_icons_position_left animation_type_block sc_fly_static elementor-invisible\" data-id=\"b280726\" data-element_type=\"column\" data-settings=\"{&quot;background_background&quot;:&quot;classic&quot;,&quot;animation&quot;:&quot;legacy-fadein&quot;,&quot;animation_delay&quot;:500}\">\n\t\t\t<div class=\"elementor-widget-wrap elementor-element-populated\">\n\t\t\t\t\t\t<div class=\"elementor-element elementor-element-082fb74 sc_fly_static elementor-widget elementor-widget-video\" data-id=\"082fb74\" data-element_type=\"widget\" data-settings=\"{&quot;video_type&quot;:&quot;hosted&quot;,&quot;autoplay&quot;:&quot;yes&quot;,&quot;play_on_mobile&quot;:&quot;yes&quot;,&quot;mute&quot;:&quot;yes&quot;,&quot;loop&quot;:&quot;yes&quot;}\" data-widget_type=\"video.default\">\n\t\t\t\t<div class=\"elementor-widget-container\">\n\t\t\t\t\t\t\t<div class=\"e-hosted-video elementor-wrapper elementor-open-inline\">\n\t\t\t\t\t<video class=\"elementor-video\" src=\"https:\/\/labohemmebodrum.com\/wp-content\/uploads\/2026\/01\/la-bohemme-hakkimizda.mp4\" autoplay=\"\" loop=\"\" muted=\"muted\" playsinline=\"\" controlsList=\"nodownload\"><\/video>\n\t\t\t\t<\/div>\n\t\t\t\t\t\t<\/div>\n\t\t\t\t<\/div>\n\t\t\t\t\t<\/div>\n\t\t<\/div>\n\t\t\t\t\t<\/div>\n\t\t<\/section>\n\t\t\t\t<\/div>\n\t\t","protected":false},"excerpt":{"rendered":"<p>Page (post) title H\u0130KAYEM\u0130Z Bodrum&#8217;un ruhundan ilhamla: La Bohemme. La Bohemme, sadece bir beach de\u011fil; Bodrum\u2019un ya\u015fam enerjisini, zarafetini ve \u00f6zg\u00fcr ruhunu sahile ta\u015f\u0131yan bir ya\u015fam alan\u0131d\u0131r.G\u00fcnd\u00fczleri Ege\u2019nin huzur veren&hellip;<\/p>\n","protected":false},"author":1,"featured_media":0,"parent":0,"menu_order":0,"comment_status":"closed","ping_status":"closed","template":"","meta":{"footnotes":""},"class_list":["post-23359","page","type-page","status-publish","hentry"],"_links":{"self":[{"href":"https:\/\/labohemmebodrum.com\/index.php?rest_route=\/wp\/v2\/pages\/23359","targetHints":{"allow":["GET"]}}],"collection":[{"href":"https:\/\/labohemmebodrum.com\/index.php?rest_route=\/wp\/v2\/pages"}],"about":[{"href":"https:\/\/labohemmebodrum.com\/index.php?rest_route=\/wp\/v2\/types\/page"}],"author":[{"embeddable":true,"href":"https:\/\/labohemmebodrum.com\/index.php?rest_route=\/wp\/v2\/users\/1"}],"replies":[{"embeddable":true,"href":"https:\/\/labohemmebodrum.com\/index.php?rest_route=%2Fwp%2Fv2%2Fcomments&post=23359"}],"version-history":[{"count":34,"href":"https:\/\/labohemmebodrum.com\/index.php?rest_route=\/wp\/v2\/pages\/23359\/revisions"}],"predecessor-version":[{"id":23604,"href":"https:\/\/labohemmebodrum.com\/index.php?rest_route=\/wp\/v2\/pages\/23359\/revisions\/23604"}],"wp:attachment":[{"href":"https:\/\/labohemmebodrum.com\/index.php?rest_route=%2Fwp%2Fv2%2Fmedia&parent=23359"}],"curies":[{"name":"wp","href":"https:\/\/api.w.org\/{rel}","templated":true}]}}